{"id":29682,"date":"2025-07-25T14:11:14","date_gmt":"2025-07-25T19:11:14","guid":{"rendered":"https:\/\/stebellaflowers.com\/?page_id=29682"},"modified":"2026-04-28T09:47:17","modified_gmt":"2026-04-28T14:47:17","slug":"catalogo-2","status":"publish","type":"page","link":"https:\/\/stebellaflowers.com\/en\/catalogo-2\/","title":{"rendered":"Socios Estrateg\u00edcos"},"content":{"rendered":"<div data-elementor-type=\"wp-page\" data-elementor-id=\"29682\" class=\"elementor elementor-29682\">\n\t\t\t\t\t\t<section class=\"elementor-section elementor-top-section elementor-element elementor-element-480c18c animated-fast elementor-section-boxed elementor-section-height-default elementor-section-height-default elementor-invisible\" data-id=\"480c18c\" data-element_type=\"section\" data-settings=\"{&quot;background_background&quot;:&quot;classic&quot;,&quot;animation&quot;:&quot;slideInUp&quot;}\">\n\t\t\t\t\t\t<div class=\"elementor-container elementor-column-gap-default\">\n\t\t\t\t\t<div class=\"elementor-column elementor-col-100 elementor-top-column elementor-element elementor-element-003d9d3\" data-id=\"003d9d3\" data-element_type=\"column\">\n\t\t\t<div class=\"elementor-widget-wrap elementor-element-populated\">\n\t\t\t\t\t\t<div class=\"elementor-element elementor-element-0b0ccab elementor-widget elementor-widget-spacer\" data-id=\"0b0ccab\" data-element_type=\"widget\" data-widget_type=\"spacer.default\">\n\t\t\t\t<div class=\"elementor-widget-container\">\n\t\t\t\t\t\t\t<div class=\"elementor-spacer\">\n\t\t\t<div class=\"elementor-spacer-inner\"><\/div>\n\t\t<\/div>\n\t\t\t\t\t\t<\/div>\n\t\t\t\t<\/div>\n\t\t\t\t<div class=\"elementor-element elementor-element-72461c7 elementor-widget elementor-widget-spacer\" data-id=\"72461c7\" data-element_type=\"widget\" data-widget_type=\"spacer.default\">\n\t\t\t\t<div class=\"elementor-widget-container\">\n\t\t\t\t\t\t\t<div class=\"elementor-spacer\">\n\t\t\t<div class=\"elementor-spacer-inner\"><\/div>\n\t\t<\/div>\n\t\t\t\t\t\t<\/div>\n\t\t\t\t<\/div>\n\t\t\t\t<div class=\"elementor-element elementor-element-d5a5895 elementor-widget elementor-widget-spacer\" data-id=\"d5a5895\" data-element_type=\"widget\" data-widget_type=\"spacer.default\">\n\t\t\t\t<div class=\"elementor-widget-container\">\n\t\t\t\t\t\t\t<div class=\"elementor-spacer\">\n\t\t\t<div class=\"elementor-spacer-inner\"><\/div>\n\t\t<\/div>\n\t\t\t\t\t\t<\/div>\n\t\t\t\t<\/div>\n\t\t\t\t<div class=\"elementor-element elementor-element-ca89ab0 elementor-widget elementor-widget-heading\" data-id=\"ca89ab0\" data-element_type=\"widget\" data-widget_type=\"heading.default\">\n\t\t\t\t<div class=\"elementor-widget-container\">\n\t\t\t\t\t<h2 class=\"elementor-heading-title elementor-size-default\">Experience the Stebella Quality<\/h2>\t\t\t\t<\/div>\n\t\t\t\t<\/div>\n\t\t\t\t<div class=\"elementor-element elementor-element-75e86ab elementor-widget elementor-widget-heading\" data-id=\"75e86ab\" data-element_type=\"widget\" data-widget_type=\"heading.default\">\n\t\t\t\t<div class=\"elementor-widget-container\">\n\t\t\t\t\t<h2 class=\"elementor-heading-title elementor-size-default\">We invite global importers and wholesalers to discover the durability and color of our high-altitude roses<\/h2>\t\t\t\t<\/div>\n\t\t\t\t<\/div>\n\t\t\t\t<div class=\"elementor-element elementor-element-e0c47b8 elementor-widget elementor-widget-spacer\" data-id=\"e0c47b8\" data-element_type=\"widget\" data-widget_type=\"spacer.default\">\n\t\t\t\t<div class=\"elementor-widget-container\">\n\t\t\t\t\t\t\t<div class=\"elementor-spacer\">\n\t\t\t<div class=\"elementor-spacer-inner\"><\/div>\n\t\t<\/div>\n\t\t\t\t\t\t<\/div>\n\t\t\t\t<\/div>\n\t\t\t\t<div class=\"elementor-element elementor-element-90b7819 elementor-align-center elementor-widget elementor-widget-button\" data-id=\"90b7819\" data-element_type=\"widget\" data-widget_type=\"button.default\">\n\t\t\t\t<div class=\"elementor-widget-container\">\n\t\t\t\t\t\t\t\t\t<div class=\"elementor-button-wrapper\">\n\t\t\t\t\t<a class=\"elementor-button elementor-button-link elementor-size-sm\" href=\"https:\/\/docs.google.com\/forms\/d\/e\/1FAIpQLSfnsJIMp-cgWV2WOcrtHr39dzwJyXX-2MOcDfx79x6GWsTqRA\/viewform?usp=sharing&#038;ouid=105189800165083473875\" target=\"_blank\">\n\t\t\t\t\t\t<span class=\"elementor-button-content-wrapper\">\n\t\t\t\t\t\t\t\t\t<span class=\"elementor-button-text\">I WANT MY SAMPLES<\/span>\n\t\t\t\t\t<\/span>\n\t\t\t\t\t<\/a>\n\t\t\t\t<\/div>\n\t\t\t\t\t\t\t\t<\/div>\n\t\t\t\t<\/div>\n\t\t\t\t\t<\/div>\n\t\t<\/div>\n\t\t\t\t\t<\/div>\n\t\t<\/section>\n\t\t\t\t<section class=\"elementor-section elementor-top-section elementor-element elementor-element-6cc55ac animated-fast elementor-section-boxed elementor-section-height-default elementor-section-height-default elementor-invisible\" data-id=\"6cc55ac\" data-element_type=\"section\" data-settings=\"{&quot;background_background&quot;:&quot;classic&quot;,&quot;animation&quot;:&quot;slideInUp&quot;}\">\n\t\t\t\t\t\t<div class=\"elementor-container elementor-column-gap-default\">\n\t\t\t\t\t<div class=\"elementor-column elementor-col-100 elementor-top-column elementor-element elementor-element-69ccd5c\" data-id=\"69ccd5c\" data-element_type=\"column\" data-settings=\"{&quot;background_background&quot;:&quot;slideshow&quot;,&quot;background_slideshow_gallery&quot;:[],&quot;background_slideshow_slide_duration&quot;:5000,&quot;background_slideshow_slide_transition&quot;:&quot;fade&quot;,&quot;background_slideshow_transition_duration&quot;:500}\">\n\t\t\t<div class=\"elementor-widget-wrap\">\n\t\t\t\t\t\t\t<\/div>\n\t\t<\/div>\n\t\t\t\t\t<\/div>\n\t\t<\/section>\n\t\t\t\t<section class=\"elementor-section elementor-top-section elementor-element elementor-element-13133ce animated-fast elementor-section-boxed elementor-section-height-default elementor-section-height-default elementor-invisible\" data-id=\"13133ce\" data-element_type=\"section\" data-settings=\"{&quot;background_background&quot;:&quot;classic&quot;,&quot;animation&quot;:&quot;slideInUp&quot;}\">\n\t\t\t\t\t\t<div class=\"elementor-container elementor-column-gap-default\">\n\t\t\t\t\t<div class=\"elementor-column elementor-col-33 elementor-top-column elementor-element elementor-element-6811f64\" data-id=\"6811f64\" data-element_type=\"column\" data-settings=\"{&quot;background_background&quot;:&quot;slideshow&quot;,&quot;background_slideshow_gallery&quot;:[],&quot;background_slideshow_slide_duration&quot;:5000,&quot;background_slideshow_slide_transition&quot;:&quot;fade&quot;,&quot;background_slideshow_transition_duration&quot;:500}\">\n\t\t\t<div class=\"elementor-widget-wrap elementor-element-populated\">\n\t\t\t\t\t\t<div class=\"elementor-element elementor-element-d94318e elementor-widget elementor-widget-image\" data-id=\"d94318e\" data-element_type=\"widget\" data-widget_type=\"image.default\">\n\t\t\t\t<div class=\"elementor-widget-container\">\n\t\t\t\t\t\t\t\t\t\t\t\t\t\t\t<img fetchpriority=\"high\" decoding=\"async\" width=\"1024\" height=\"1536\" src=\"https:\/\/stebellaflowers.com\/wp-content\/uploads\/2025\/07\/Become-S-Ally-2.png\" class=\"attachment-full size-full wp-image-29833\" alt=\"\" \/>\t\t\t\t\t\t\t\t\t\t\t\t\t\t\t<\/div>\n\t\t\t\t<\/div>\n\t\t\t\t\t<\/div>\n\t\t<\/div>\n\t\t\t\t<div class=\"elementor-column elementor-col-66 elementor-top-column elementor-element elementor-element-24cc70b\" data-id=\"24cc70b\" data-element_type=\"column\">\n\t\t\t<div class=\"elementor-widget-wrap elementor-element-populated\">\n\t\t\t\t\t\t<div class=\"elementor-element elementor-element-cb40b90 elementor-widget elementor-widget-text-editor\" data-id=\"cb40b90\" data-element_type=\"widget\" data-widget_type=\"text-editor.default\">\n\t\t\t\t<div class=\"elementor-widget-container\">\n\t\t\t\t\t\t\t\t\t<p><b>Why choose Stebella as your strategic partner?<\/b><\/p><p><b>1. Priority Access: <\/b>Reserved first harvests and exclusive new releases<br \/>varieties.<br \/><b>2. Precision Logistics:<\/b> We guarantee freshness from the farm in Carchi to your destination<br \/>final.<br \/><b>3. Direct Support:<\/b> Personalized communication for stock alerts and coordination<br \/>logistics.<br \/><b>4. Co-Branding:<\/b> We promote your brand on our networks as an official rose partner<br \/>premium Ecuadorian products.<\/p>\t\t\t\t\t\t\t\t<\/div>\n\t\t\t\t<\/div>\n\t\t\t\t<div class=\"elementor-element elementor-element-d2cd667 elementor-align-center elementor-widget elementor-widget-button\" data-id=\"d2cd667\" data-element_type=\"widget\" data-widget_type=\"button.default\">\n\t\t\t\t<div class=\"elementor-widget-container\">\n\t\t\t\t\t\t\t\t\t<div class=\"elementor-button-wrapper\">\n\t\t\t\t\t<a class=\"elementor-button elementor-button-link elementor-size-sm\" href=\"https:\/\/docs.google.com\/forms\/d\/e\/1FAIpQLSfnsJIMp-cgWV2WOcrtHr39dzwJyXX-2MOcDfx79x6GWsTqRA\/viewform?usp=sharing&#038;ouid=105189800165083473875\" target=\"_blank\">\n\t\t\t\t\t\t<span class=\"elementor-button-content-wrapper\">\n\t\t\t\t\t\t\t\t\t<span class=\"elementor-button-text\">Request your Sample Box<\/span>\n\t\t\t\t\t<\/span>\n\t\t\t\t\t<\/a>\n\t\t\t\t<\/div>\n\t\t\t\t\t\t\t\t<\/div>\n\t\t\t\t<\/div>\n\t\t\t\t\t<\/div>\n\t\t<\/div>\n\t\t\t\t\t<\/div>\n\t\t<\/section>\n\t\t\t\t<section class=\"elementor-section elementor-top-section elementor-element elementor-element-4c87255 animated-fast elementor-section-boxed elementor-section-height-default elementor-section-height-default elementor-invisible\" data-id=\"4c87255\" data-element_type=\"section\" data-settings=\"{&quot;animation&quot;:&quot;slideInUp&quot;}\">\n\t\t\t\t\t\t<div class=\"elementor-container elementor-column-gap-default\">\n\t\t\t\t\t<div class=\"elementor-column elementor-col-100 elementor-top-column elementor-element elementor-element-551111f\" data-id=\"551111f\" data-element_type=\"column\">\n\t\t\t<div class=\"elementor-widget-wrap elementor-element-populated\">\n\t\t\t\t\t\t<div class=\"elementor-element elementor-element-1879142 elementor-widget elementor-widget-spacer\" data-id=\"1879142\" data-element_type=\"widget\" data-widget_type=\"spacer.default\">\n\t\t\t\t<div class=\"elementor-widget-container\">\n\t\t\t\t\t\t\t<div class=\"elementor-spacer\">\n\t\t\t<div class=\"elementor-spacer-inner\"><\/div>\n\t\t<\/div>\n\t\t\t\t\t\t<\/div>\n\t\t\t\t<\/div>\n\t\t\t\t<div class=\"elementor-element elementor-element-c0164cd elementor-widget elementor-widget-bwp_recent_post\" data-id=\"c0164cd\" data-element_type=\"widget\" data-widget_type=\"bwp_recent_post.default\">\n\t\t\t\t<div class=\"elementor-widget-container\">\n\t\t\t\t\t<div class=\"bwp-recent-post default\">\r\n <div class=\"block\">\r\n \t\t<div class=\"block_content row\">\r\n\t\t\t\t\t<div class=\"item col-xl-6 col-lg-12 col-md-12 col-12\">\r\n\t\t\t\t<div  class=\"post-grid post-3976 post type-post status-publish format-standard has-post-thumbnail hentry category-blog tag-beauty tag-ear-care\">\t\r\n\t\t\t\t\t<div class=\"post-inner style\">\r\n\t\t\t\t\t\t<div class=\"post-image\">\r\n\t\t\t\t\t\t\t<a class=\"post-thumbnail\" href=\"https:\/\/stebellaflowers.com\/en\/bohemio-sofisticado-y-elegante\/\" aria-hidden=\"true\">\r\n\t\t\t\t\t\t\t<img decoding=\"async\" width=\"720\" height=\"484\" src=\"https:\/\/stebellaflowers.com\/wp-content\/uploads\/2025\/07\/Country-blues-2-1-720x484.jpg\" class=\"attachment-post-thumbnail size-post-thumbnail wp-post-image\" alt=\"Bohemio, sofisticado y elegante\" \/>\t\t\t\t\t\t\t<\/a>\r\n\t\t\t\t\t\t<\/div>\r\n\t\t\t\t\t\t<div class=\"post-content\">\r\n\t\t\t\t\t\t\t<div class=\"content-post\">\r\n\t\t\t\t\t\t\t\t\t\t\t\t\t\t\t\t<div class=\"post-categories\">\r\n\t\t\t\t\t\t\t\t\t<a href=\"https:\/\/stebellaflowers.com\/en\/category\/blog\/\">Blog<\/a>\r\n\t\t\t\t\t\t\t\t<\/div>\r\n\t\t\t\t\t\t\t\t\t\t\t\t\t\t\t\t<h2 class=\"entry-title\"><a href=\"https:\/\/stebellaflowers.com\/en\/bohemio-sofisticado-y-elegante\/\">Bohemian, sophisticated and elegant<\/a><\/h2>\r\n\t\t\t\t\t\t\t\t<div class=\"entry-by entry-meta\">\r\n\t\t\t\t\t\t\t\t\t\t\t\t\t\t\t\t\t\t<div class=\"comments-link\">\r\n\t\t\t\t\t\t\t\t\t\t<i class=\"wpb-icon-chat\"><\/i>\r\n\t\t\t\t\t\t\t\t\t\t<a href=\"#respond\" >\r\n\t\t\t\t\t\t\t\t\t\t\t\t\t\t\t\t\t\t\t\t\t\t\t0<span> Comments<\/span>\t\t\t\t\t\t\t\t\t\t\t\t\t\t\t\t\t\t\t\t\t<\/a>\r\n\t\t\t\t\t\t\t\t\t<\/div>\r\n\t\t\t\t\t\t\t\t<\/div>\r\n\t\t\t\t\t\t\t\t<p class=\"post-excerpt\">Purple will always be the epitome of sophistication, filling the atmosphere with calming touches of elegant and tranquil mysticism. A rich ambiance that awakens creativity and invites deep, intellectual conversations, to enjoy soulful music like jazz, blues, and soul... <\/p><div class=\"btn-read-more\"><a class=\"read-more\" href=\"https:\/\/stebellaflowers.com\/en\/bohemio-sofisticado-y-elegante\/\">Read more<\/a><\/div>\t\t\t\t\t\t\t<\/div>\r\n\t\t\t\t\t\t<\/div>\r\n\t\t\t\t\t<\/div>\r\n\t\t\t\t<\/div><!-- #post-## -->\r\n\t\t\t<\/div>\r\n\t\t\t\t\t<div class=\"item col-xl-6 col-lg-12 col-md-12 col-12\">\r\n\t\t\t\t<div  class=\"post-grid post-29838 post type-post status-publish format-standard has-post-thumbnail hentry category-blog tag-beauty tag-ear-care\">\t\r\n\t\t\t\t\t<div class=\"post-inner style\">\r\n\t\t\t\t\t\t<div class=\"post-image\">\r\n\t\t\t\t\t\t\t<a class=\"post-thumbnail\" href=\"https:\/\/stebellaflowers.com\/en\/dont-forget-yellow\/\" aria-hidden=\"true\">\r\n\t\t\t\t\t\t\t<img decoding=\"async\" width=\"720\" height=\"484\" src=\"https:\/\/stebellaflowers.com\/wp-content\/uploads\/2025\/07\/Dont-forget-yellow-3-1-720x484.jpg\" class=\"attachment-post-thumbnail size-post-thumbnail wp-post-image\" alt=\"Don\u2019t forget Yellow!\" \/>\t\t\t\t\t\t\t<\/a>\r\n\t\t\t\t\t\t<\/div>\r\n\t\t\t\t\t\t<div class=\"post-content\">\r\n\t\t\t\t\t\t\t<div class=\"content-post\">\r\n\t\t\t\t\t\t\t\t\t\t\t\t\t\t\t\t<div class=\"post-categories\">\r\n\t\t\t\t\t\t\t\t\t<a href=\"https:\/\/stebellaflowers.com\/en\/category\/blog\/\">Blog<\/a>\r\n\t\t\t\t\t\t\t\t<\/div>\r\n\t\t\t\t\t\t\t\t\t\t\t\t\t\t\t\t<h2 class=\"entry-title\"><a href=\"https:\/\/stebellaflowers.com\/en\/dont-forget-yellow\/\">Don\u2019t forget Yellow!<\/a><\/h2>\r\n\t\t\t\t\t\t\t\t<div class=\"entry-by entry-meta\">\r\n\t\t\t\t\t\t\t\t\t\t\t\t\t\t\t\t\t\t<div class=\"comments-link\">\r\n\t\t\t\t\t\t\t\t\t\t<i class=\"wpb-icon-chat\"><\/i>\r\n\t\t\t\t\t\t\t\t\t\t<a href=\"#respond\" >\r\n\t\t\t\t\t\t\t\t\t\t\t\t\t\t\t\t\t\t\t\t\t\t\t0<span> Comments<\/span>\t\t\t\t\t\t\t\t\t\t\t\t\t\t\t\t\t\t\t\t\t<\/a>\r\n\t\t\t\t\t\t\t\t\t<\/div>\r\n\t\t\t\t\t\t\t\t<\/div>\r\n\t\t\t\t\t\t\t\t<p class=\"post-excerpt\">Yellow is synonymous with light, brightness, and joy. It evokes abundance and wealth while adding luminosity and vitality to every arrangement. Without yellow, there is no sparkle. \n<\/p><div class=\"btn-read-more\"><a class=\"read-more\" href=\"https:\/\/stebellaflowers.com\/en\/dont-forget-yellow\/\">Read more<\/a><\/div>\t\t\t\t\t\t\t<\/div>\r\n\t\t\t\t\t\t<\/div>\r\n\t\t\t\t\t<\/div>\r\n\t\t\t\t<\/div><!-- #post-## -->\r\n\t\t\t<\/div>\r\n\t\t\t\t\t<div class=\"item col-xl-6 col-lg-12 col-md-12 col-12\">\r\n\t\t\t\t<div  class=\"post-grid post-29829 post type-post status-publish format-standard has-post-thumbnail hentry category-blog tag-beauty tag-ear-care\">\t\r\n\t\t\t\t\t<div class=\"post-inner style\">\r\n\t\t\t\t\t\t<div class=\"post-image\">\r\n\t\t\t\t\t\t\t<a class=\"post-thumbnail\" href=\"https:\/\/stebellaflowers.com\/en\/toque-de-luz-calida\/\" aria-hidden=\"true\">\r\n\t\t\t\t\t\t\t<img loading=\"lazy\" decoding=\"async\" width=\"720\" height=\"484\" src=\"https:\/\/stebellaflowers.com\/wp-content\/uploads\/2025\/07\/Candle-light-2-1-720x484.jpg\" class=\"attachment-post-thumbnail size-post-thumbnail wp-post-image\" alt=\"Toque de luz c\u00e1lida\" \/>\t\t\t\t\t\t\t<\/a>\r\n\t\t\t\t\t\t<\/div>\r\n\t\t\t\t\t\t<div class=\"post-content\">\r\n\t\t\t\t\t\t\t<div class=\"content-post\">\r\n\t\t\t\t\t\t\t\t\t\t\t\t\t\t\t\t<div class=\"post-categories\">\r\n\t\t\t\t\t\t\t\t\t<a href=\"https:\/\/stebellaflowers.com\/en\/category\/blog\/\">Blog<\/a>\r\n\t\t\t\t\t\t\t\t<\/div>\r\n\t\t\t\t\t\t\t\t\t\t\t\t\t\t\t\t<h2 class=\"entry-title\"><a href=\"https:\/\/stebellaflowers.com\/en\/toque-de-luz-calida\/\">Touch of warm light<\/a><\/h2>\r\n\t\t\t\t\t\t\t\t<div class=\"entry-by entry-meta\">\r\n\t\t\t\t\t\t\t\t\t\t\t\t\t\t\t\t\t\t<div class=\"comments-link\">\r\n\t\t\t\t\t\t\t\t\t\t<i class=\"wpb-icon-chat\"><\/i>\r\n\t\t\t\t\t\t\t\t\t\t<a href=\"#respond\" >\r\n\t\t\t\t\t\t\t\t\t\t\t\t\t\t\t\t\t\t\t\t\t\t\t0<span> Comments<\/span>\t\t\t\t\t\t\t\t\t\t\t\t\t\t\t\t\t\t\t\t\t<\/a>\r\n\t\t\t\t\t\t\t\t\t<\/div>\r\n\t\t\t\t\t\t\t\t<\/div>\r\n\t\t\t\t\t\t\t\t<p class=\"post-excerpt\">May each rose in the living room tell you stories and remind you of those romantic evenings in the soft but warm light that illuminated the most important features of your loved one\u2026\n<\/p><div class=\"btn-read-more\"><a class=\"read-more\" href=\"https:\/\/stebellaflowers.com\/en\/toque-de-luz-calida\/\">Read more<\/a><\/div>\t\t\t\t\t\t\t<\/div>\r\n\t\t\t\t\t\t<\/div>\r\n\t\t\t\t\t<\/div>\r\n\t\t\t\t<\/div><!-- #post-## -->\r\n\t\t\t<\/div>\r\n\t\t\t<\/div>\r\n <\/div>\r\n<\/div>\r\n\t\t\t\t<\/div>\n\t\t\t\t<\/div>\n\t\t\t\t\t<\/div>\n\t\t<\/div>\n\t\t\t\t\t<\/div>\n\t\t<\/section>\n\t\t\t\t<section class=\"elementor-section elementor-top-section elementor-element elementor-element-6b15fc2 animated-fast elementor-hidden-desktop elementor-hidden-tablet elementor-hidden-mobile elementor-section-boxed elementor-section-height-default elementor-section-height-default elementor-invisible\" data-id=\"6b15fc2\" data-element_type=\"section\" data-settings=\"{&quot;animation&quot;:&quot;slideInUp&quot;}\">\n\t\t\t\t\t\t<div class=\"elementor-container elementor-column-gap-default\">\n\t\t\t\t\t<div class=\"elementor-column elementor-col-100 elementor-top-column elementor-element elementor-element-d370a76\" data-id=\"d370a76\" data-element_type=\"column\">\n\t\t\t<div class=\"elementor-widget-wrap elementor-element-populated\">\n\t\t\t\t\t\t<div class=\"elementor-element elementor-element-a8a6131 elementor-widget elementor-widget-bwp_instagram\" data-id=\"a8a6131\" data-element_type=\"widget\" data-widget_type=\"bwp_instagram.default\">\n\t\t\t\t<div class=\"elementor-widget-container\">\n\t\t\t\t\t<div class=\"bwp-instagram slider\">\r\n <div class=\"block\">\r\n \t\t<div class=\"block_content\">\r\n\t\t<div class=\"instagram\">\r\n\t\t\t<div class=\"slick-carousel\" data-dots=\"false\" data-item_row=\"1\" data-nav=\"false\" data-columns4=\"1\" data-columns3=\"2\" data-columns2=\"3\" data-columns1=\"3\" data-columns=\"4\">\r\n\t\t\t\t\t\t\t\t\t\t\t\t\t\t\t\t\t\t\t\t<div  class=\"image-instagram\">\r\n\t\t\t\t\t\t\t<a class=\"instagram\" href=\"#\">\r\n\t\t\t\t\t\t\t\t<img decoding=\"async\" src=\"https:\/\/stebellaflowers.com\/wp-content\/uploads\/2021\/09\/ig-1.jpg\" alt=\"Image Slider\">\r\n\t\t\t\t\t\t\t<\/a>\r\n\t\t\t\t\t\t<\/div>\r\n\t\t\t\t\t\t\t\t\t\t\t\t\t\t\t\t\t\t\t\t\t\t\t\t\t\t\t\t\t\t<div  class=\"image-instagram\">\r\n\t\t\t\t\t\t\t<a class=\"instagram\" href=\"#\">\r\n\t\t\t\t\t\t\t\t<img decoding=\"async\" src=\"https:\/\/stebellaflowers.com\/wp-content\/uploads\/2021\/09\/ig-2.jpg\" alt=\"Image Slider\">\r\n\t\t\t\t\t\t\t<\/a>\r\n\t\t\t\t\t\t<\/div>\r\n\t\t\t\t\t\t\t\t\t\t\t\t\t\t\t\t\t\t\t\t\t\t\t\t\t\t\t\t\t\t<div  class=\"image-instagram\">\r\n\t\t\t\t\t\t\t<a class=\"instagram\" href=\"#\">\r\n\t\t\t\t\t\t\t\t<img decoding=\"async\" src=\"https:\/\/stebellaflowers.com\/wp-content\/uploads\/2021\/09\/ig-3.jpg\" alt=\"Image Slider\">\r\n\t\t\t\t\t\t\t<\/a>\r\n\t\t\t\t\t\t<\/div>\r\n\t\t\t\t\t\t\t\t\t\t\t\t\t\t\t\t\t\t\t\t\t\t\t\t\t\t\t\t\t\t<div  class=\"image-instagram\">\r\n\t\t\t\t\t\t\t<a class=\"instagram\" href=\"#\">\r\n\t\t\t\t\t\t\t\t<img decoding=\"async\" src=\"https:\/\/stebellaflowers.com\/wp-content\/uploads\/2021\/09\/ig-5.jpg\" alt=\"Image Slider\">\r\n\t\t\t\t\t\t\t<\/a>\r\n\t\t\t\t\t\t<\/div>\r\n\t\t\t\t\t\t\t\t\t\t\t\t\t\t\t\t\t\t\t\t\t\t\t\t\t\t\t\t\t\t<div  class=\"image-instagram\">\r\n\t\t\t\t\t\t\t<a class=\"instagram\" href=\"#\">\r\n\t\t\t\t\t\t\t\t<img decoding=\"async\" src=\"https:\/\/stebellaflowers.com\/wp-content\/uploads\/2021\/09\/ig-4.jpg\" alt=\"Image Slider\">\r\n\t\t\t\t\t\t\t<\/a>\r\n\t\t\t\t\t\t<\/div>\r\n\t\t\t\t\t\t\t\t\t\t\t\t\t\t\t\t\t\t\t\t\t\t\t\t\t\t\t\t\t\t<div  class=\"image-instagram\">\r\n\t\t\t\t\t\t\t<a class=\"instagram\" href=\"#\">\r\n\t\t\t\t\t\t\t\t<img decoding=\"async\" src=\"https:\/\/stebellaflowers.com\/wp-content\/uploads\/2021\/09\/ig-6.jpg\" alt=\"Image Slider\">\r\n\t\t\t\t\t\t\t<\/a>\r\n\t\t\t\t\t\t<\/div>\r\n\t\t\t\t\t\t\t\t\t\t\t\t\t\t\t\t\t<\/div>\r\n\t\t<\/div>\r\n\t<\/div>\r\n  <div class=\"description\"><\/div>\r\n <\/div>\r\n<\/div>\t\t\t\t<\/div>\n\t\t\t\t<\/div>\n\t\t\t\t\t<\/div>\n\t\t<\/div>\n\t\t\t\t\t<\/div>\n\t\t<\/section>\n\t\t\t\t<\/div>","protected":false},"excerpt":{"rendered":"<p>Experience the Stebella Quality Invitamos a importadores y mayoristas globales a descubrir la durabilidad y el color de nuestras rosas de altura QUIERO MIS MUESTRAS Por qu\u00e9 elegir Stebella como su aliado estrat\u00e9gico? 1. Acceso Prioritario: Reserva de primeras cosechas y lanzamientos exclusivos de nuevasvariedades.2. Log\u00edstica de Precisi\u00f3n: Garantizamos frescura desde la finca en Carchi [&hellip;]<\/p>\n","protected":false},"author":1,"featured_media":0,"parent":0,"menu_order":0,"comment_status":"closed","ping_status":"closed","template":"page-templates\/homepage.php","meta":{"footnotes":""},"class_list":["post-29682","page","type-page","status-publish","hentry","has-post-thumbnail"],"_links":{"self":[{"href":"https:\/\/stebellaflowers.com\/en\/wp-json\/wp\/v2\/pages\/29682","targetHints":{"allow":["GET"]}}],"collection":[{"href":"https:\/\/stebellaflowers.com\/en\/wp-json\/wp\/v2\/pages"}],"about":[{"href":"https:\/\/stebellaflowers.com\/en\/wp-json\/wp\/v2\/types\/page"}],"author":[{"embeddable":true,"href":"https:\/\/stebellaflowers.com\/en\/wp-json\/wp\/v2\/users\/1"}],"replies":[{"embeddable":true,"href":"https:\/\/stebellaflowers.com\/en\/wp-json\/wp\/v2\/comments?post=29682"}],"version-history":[{"count":5,"href":"https:\/\/stebellaflowers.com\/en\/wp-json\/wp\/v2\/pages\/29682\/revisions"}],"predecessor-version":[{"id":30307,"href":"https:\/\/stebellaflowers.com\/en\/wp-json\/wp\/v2\/pages\/29682\/revisions\/30307"}],"wp:attachment":[{"href":"https:\/\/stebellaflowers.com\/en\/wp-json\/wp\/v2\/media?parent=29682"}],"curies":[{"name":"wp","href":"https:\/\/api.w.org\/{rel}","templated":true}]}}