{"id":22297,"date":"2021-05-06T03:27:48","date_gmt":"2021-05-06T03:27:48","guid":{"rendered":"https:\/\/wpbingosite.com\/wordpress\/florial\/?post_type=product&#038;p=22297"},"modified":"2026-04-27T15:39:45","modified_gmt":"2026-04-27T20:39:45","slug":"explorer","status":"publish","type":"product","link":"https:\/\/stebellaflowers.com\/en\/product\/explorer\/","title":{"rendered":"EXPLORER"},"content":{"rendered":"<div data-elementor-type=\"wp-post\" data-elementor-id=\"22297\" class=\"elementor elementor-22297\">\n\t\t\t\t<div class=\"elementor-element elementor-element-be4c330 e-flex e-con-boxed e-con e-parent\" data-id=\"be4c330\" data-element_type=\"container\">\n\t\t\t\t\t<div class=\"e-con-inner\">\n\t\t\t\t<div class=\"elementor-element elementor-element-6c278039 elementor-widget elementor-widget-text-editor\" data-id=\"6c278039\" data-element_type=\"widget\" data-widget_type=\"text-editor.default\">\n\t\t\t\t<div class=\"elementor-widget-container\">\n\t\t\t\t\t\t\t\t\t<p><span style=\"color: #000000;\">Reconocida como la reina de las rosas rojas, la variedad Explorer en Stebella Rose Garden alcanzasu m\u00e1xima expresi\u00f3n gracias a los 3,100 metros de altitud de nuestro cultivo. Se distingue por su <\/span><span style=\"color: #000000;\">tono carmes\u00ed profundo y aterciopelado, con p\u00e9talos de gran resistencia que garantizan una aperturaelegante y una vida en florero excepcional. Es la elecci\u00f3n predilecta para eventos de lujo y <\/span><span style=\"color: #000000;\">declaraciones audaces donde la sofisticaci\u00f3n es la prioridad.<\/span><\/p><p><span style=\"color: #000000;\"><strong><b>Ficha T\u00e9cnica<\/b><\/strong> <\/span><br \/><span style=\"color: #000000;\">\u2022 <strong><b>Color:<\/b><\/strong> Rojo profundo \/ Terciopelo.<\/span><br \/><span style=\"color: #000000;\">\u2022 <strong><b>Tama\u00f1o del bot\u00f3n:<\/b><\/strong> 7 &#8211; 10 cm.<\/span><br \/><span style=\"color: #000000;\">\u2022 <strong><b>Largo del tallo:<\/b><\/strong> 50 &#8211; 120 cm.<\/span><br \/><span style=\"color: #000000;\">\u2022 <strong><b>Vida en florero:<\/b><\/strong> 14 &#8211; 16 d\u00edas.<\/span><br \/><span style=\"color: #000000;\">\u2022 <strong><b>Apertura:<\/b><\/strong> Total y sim\u00e9trica.<\/span><\/p>\t\t\t\t\t\t\t\t<\/div>\n\t\t\t\t<\/div>\n\t\t\t\t\t<\/div>\n\t\t\t\t<\/div>\n\t\t\t\t<\/div>","protected":false},"excerpt":{"rendered":"<p>Reconocida como la reina de las rosas rojas, la variedad Explorer en Stebella Rose Garden alcanzasu m\u00e1xima expresi\u00f3n gracias a los 3,100 metros de altitud de nuestro cultivo. Se distingue por su tono carmes\u00ed profundo y aterciopelado, con p\u00e9talos de gran resistencia que garantizan una aperturaelegante y una vida en florero excepcional. Es la elecci\u00f3n [&hellip;]<\/p>\n","protected":false},"featured_media":29866,"comment_status":"closed","ping_status":"closed","template":"","meta":[],"product_brand":[60],"product_cat":[58],"product_tag":[],"class_list":{"0":"post-22297","1":"product","2":"type-product","3":"status-publish","4":"has-post-thumbnail","6":"product_brand-brand-1","7":"product_cat-variedades","10":"first","11":"instock","12":"shipping-taxable","13":"product-type-simple"},"_links":{"self":[{"href":"https:\/\/stebellaflowers.com\/en\/wp-json\/wp\/v2\/product\/22297","targetHints":{"allow":["GET"]}}],"collection":[{"href":"https:\/\/stebellaflowers.com\/en\/wp-json\/wp\/v2\/product"}],"about":[{"href":"https:\/\/stebellaflowers.com\/en\/wp-json\/wp\/v2\/types\/product"}],"replies":[{"embeddable":true,"href":"https:\/\/stebellaflowers.com\/en\/wp-json\/wp\/v2\/comments?post=22297"}],"version-history":[{"count":5,"href":"https:\/\/stebellaflowers.com\/en\/wp-json\/wp\/v2\/product\/22297\/revisions"}],"predecessor-version":[{"id":30205,"href":"https:\/\/stebellaflowers.com\/en\/wp-json\/wp\/v2\/product\/22297\/revisions\/30205"}],"wp:featuredmedia":[{"embeddable":true,"href":"https:\/\/stebellaflowers.com\/en\/wp-json\/wp\/v2\/media\/29866"}],"wp:attachment":[{"href":"https:\/\/stebellaflowers.com\/en\/wp-json\/wp\/v2\/media?parent=22297"}],"wp:term":[{"taxonomy":"product_brand","embeddable":true,"href":"https:\/\/stebellaflowers.com\/en\/wp-json\/wp\/v2\/product_brand?post=22297"},{"taxonomy":"product_cat","embeddable":true,"href":"https:\/\/stebellaflowers.com\/en\/wp-json\/wp\/v2\/product_cat?post=22297"},{"taxonomy":"product_tag","embeddable":true,"href":"https:\/\/stebellaflowers.com\/en\/wp-json\/wp\/v2\/product_tag?post=22297"}],"curies":[{"name":"wp","href":"https:\/\/api.w.org\/{rel}","templated":true}]}}