{"id":29381,"date":"2025-07-07T12:37:00","date_gmt":"2025-07-07T17:37:00","guid":{"rendered":"https:\/\/stebellaflowers.com\/?post_type=product&#038;p=29381"},"modified":"2026-04-27T16:11:37","modified_gmt":"2026-04-27T21:11:37","slug":"pink-floyd","status":"publish","type":"product","link":"https:\/\/stebellaflowers.com\/en\/product\/pink-floyd\/","title":{"rendered":"PINK FLOYD"},"content":{"rendered":"<div data-elementor-type=\"wp-post\" data-elementor-id=\"29381\" class=\"elementor elementor-29381\">\n\t\t\t\t<div class=\"elementor-element elementor-element-be4c330 e-flex e-con-boxed e-con e-parent\" data-id=\"be4c330\" data-element_type=\"container\">\n\t\t\t\t\t<div class=\"e-con-inner\">\n\t\t\t\t<div class=\"elementor-element elementor-element-6c278039 elementor-widget elementor-widget-text-editor\" data-id=\"6c278039\" data-element_type=\"widget\" data-widget_type=\"text-editor.default\">\n\t\t\t\t<div class=\"elementor-widget-container\">\n\t\t\t\t\t\t\t\t\t<p><span style=\"color: #000000;\">Intensa, audaz y profundamente carism\u00e1tica, la rosa Pink Floyd es el referente m\u00e1ximo del color<\/span><br \/><span style=\"color: #000000;\">hot pink. Cultivada a 3,100 metros en nuestra finca del Carchi, esta variedad desarrolla un bot\u00f3n<\/span><br \/><span style=\"color: #000000;\">de gran tama\u00f1o con una apertura generosa y p\u00e9talos de textura firme. Su tono vibrante y su<\/span><br \/><span style=\"color: #000000;\">capacidad para llenar espacios con energ\u00eda la convierten en la elecci\u00f3n predilecta para eventos de<\/span><br \/><span style=\"color: #000000;\">alto impacto, celebraciones modernas y dise\u00f1os florales que buscan destacar por su fuerza visual<\/span><br \/><span style=\"color: #000000;\">y durabilidad superior.<\/span><\/p><p><b><span style=\"color: #000000;\">Ficha T\u00e9cnica:<\/span><br \/><\/b><span style=\"color: #000000;\">\u2022 <b>Color: <\/b>Hot Pink \/ Rosado intenso vibrante.<\/span><br \/><span style=\"color: #000000;\">\u2022 <b>Tama\u00f1o del bot\u00f3n:<\/b> 7 &#8211; 9 cm.<\/span><br \/><span style=\"color: #000000;\">\u2022 <b>Largo del tallo:<\/b> 50 &#8211; 80 cm.<\/span><br \/><span style=\"color: #000000;\"><b>\u2022 Vida en florero: <\/b>14 &#8211; 16 d\u00edas.<\/span><br \/><span style=\"color: #000000;\">\u2022 <b>Lanzamiento:<\/b> 2004.<\/span><\/p>\t\t\t\t\t\t\t\t<\/div>\n\t\t\t\t<\/div>\n\t\t\t\t\t<\/div>\n\t\t\t\t<\/div>\n\t\t\t\t<\/div>","protected":false},"excerpt":{"rendered":"<p>Intensa, audaz y profundamente carism\u00e1tica, la rosa Pink Floyd es el referente m\u00e1ximo del colorhot pink. Cultivada a 3,100 metros en nuestra finca del Carchi, esta variedad desarrolla un bot\u00f3nde gran tama\u00f1o con una apertura generosa y p\u00e9talos de textura firme. Su tono vibrante y sucapacidad para llenar espacios con energ\u00eda la convierten en la [&hellip;]<\/p>\n","protected":false},"featured_media":29348,"comment_status":"closed","ping_status":"closed","template":"","meta":[],"product_brand":[60],"product_cat":[58],"product_tag":[],"class_list":{"0":"post-29381","1":"product","2":"type-product","3":"status-publish","4":"has-post-thumbnail","6":"product_brand-brand-1","7":"product_cat-variedades","10":"first","11":"instock","12":"shipping-taxable","13":"product-type-simple"},"_links":{"self":[{"href":"https:\/\/stebellaflowers.com\/en\/wp-json\/wp\/v2\/product\/29381","targetHints":{"allow":["GET"]}}],"collection":[{"href":"https:\/\/stebellaflowers.com\/en\/wp-json\/wp\/v2\/product"}],"about":[{"href":"https:\/\/stebellaflowers.com\/en\/wp-json\/wp\/v2\/types\/product"}],"replies":[{"embeddable":true,"href":"https:\/\/stebellaflowers.com\/en\/wp-json\/wp\/v2\/comments?post=29381"}],"version-history":[{"count":5,"href":"https:\/\/stebellaflowers.com\/en\/wp-json\/wp\/v2\/product\/29381\/revisions"}],"predecessor-version":[{"id":30233,"href":"https:\/\/stebellaflowers.com\/en\/wp-json\/wp\/v2\/product\/29381\/revisions\/30233"}],"wp:featuredmedia":[{"embeddable":true,"href":"https:\/\/stebellaflowers.com\/en\/wp-json\/wp\/v2\/media\/29348"}],"wp:attachment":[{"href":"https:\/\/stebellaflowers.com\/en\/wp-json\/wp\/v2\/media?parent=29381"}],"wp:term":[{"taxonomy":"product_brand","embeddable":true,"href":"https:\/\/stebellaflowers.com\/en\/wp-json\/wp\/v2\/product_brand?post=29381"},{"taxonomy":"product_cat","embeddable":true,"href":"https:\/\/stebellaflowers.com\/en\/wp-json\/wp\/v2\/product_cat?post=29381"},{"taxonomy":"product_tag","embeddable":true,"href":"https:\/\/stebellaflowers.com\/en\/wp-json\/wp\/v2\/product_tag?post=29381"}],"curies":[{"name":"wp","href":"https:\/\/api.w.org\/{rel}","templated":true}]}}