{"id":29394,"date":"2025-07-07T13:54:29","date_gmt":"2025-07-07T18:54:29","guid":{"rendered":"https:\/\/stebellaflowers.com\/?post_type=product&#038;p=29394"},"modified":"2026-04-27T16:13:25","modified_gmt":"2026-04-27T21:13:25","slug":"momentum","status":"publish","type":"product","link":"https:\/\/stebellaflowers.com\/en\/product\/momentum\/","title":{"rendered":"MOMENTUM"},"content":{"rendered":"<div data-elementor-type=\"wp-post\" data-elementor-id=\"29394\" class=\"elementor elementor-29394\">\n\t\t\t\t<div class=\"elementor-element elementor-element-be4c330 e-flex e-con-boxed e-con e-parent\" data-id=\"be4c330\" data-element_type=\"container\">\n\t\t\t\t\t<div class=\"e-con-inner\">\n\t\t\t\t<div class=\"elementor-element elementor-element-6c278039 elementor-widget elementor-widget-text-editor\" data-id=\"6c278039\" data-element_type=\"widget\" data-widget_type=\"text-editor.default\">\n\t\t\t\t<div class=\"elementor-widget-container\">\n\t\t\t\t\t\t\t\t\t<p><span style=\"color: #000000;\">Luminosa y energ\u00e9tica, la rosa Momentum es la definici\u00f3n del amarillo perfecto. Esta variedad destaca por su tono c\u00e1lido y saturado, y una apertura sim\u00e9trica que evoca fuerza y sofisticaci\u00f3n. Cultivada a 3,100 metros en el Carchi, desarrolla p\u00e9talos firmes que garantizan una frescura y durabilidad superior. Es la elecci\u00f3n ideal para bodas, celebraciones vibrantes y dise\u00f1os florales que buscan marcar nuevos comienzos con un impacto visual alegre e inolvidable.<\/span><\/p>\n<p><b><span style=\"color: #000000;\">Ficha T\u00e9cnica:<\/span><br><\/b><span style=\"color: #000000;\">\u2022 <b>Color: <\/b>Amarillo puro \/ Tono c\u00e1lido.<\/span><br><span style=\"color: #000000;\">\u2022 <b>Tama\u00f1o del bot\u00f3n:<\/b> 7 &#8211; 8 cm.<\/span><br><span style=\"color: #000000;\">\u2022 <b>Largo del tallo:<\/b> 50 &#8211; 80 cm.<\/span><br><span style=\"color: #000000;\">\u2022 <b>Vida en florero: <\/b>14 &#8211; 16 d\u00edas.<\/span><br><span style=\"color: #000000;\">\u2022 <b>Lanzamiento:<\/b> 2006<\/span><\/p>\t\t\t\t\t\t\t\t<\/div>\n\t\t\t\t<\/div>\n\t\t\t\t\t<\/div>\n\t\t\t\t<\/div>\n\t\t\t\t<\/div>","protected":false},"excerpt":{"rendered":"<p>Luminosa y energ\u00e9tica, la rosa Momentum es la definici\u00f3n del amarillo perfecto. Esta variedad destaca por su tono c\u00e1lido y saturado, y una apertura sim\u00e9trica que evoca fuerza y sofisticaci\u00f3n. Cultivada a 3,100 metros en el Carchi, desarrolla p\u00e9talos firmes que garantizan una frescura y durabilidad superior. Es la elecci\u00f3n ideal para bodas, celebraciones vibrantes [&hellip;]<\/p>\n","protected":false},"featured_media":29342,"comment_status":"closed","ping_status":"closed","template":"","meta":[],"product_brand":[60],"product_cat":[58],"product_tag":[],"class_list":{"0":"post-29394","1":"product","2":"type-product","3":"status-publish","4":"has-post-thumbnail","6":"product_brand-brand-1","7":"product_cat-variedades","10":"first","11":"instock","12":"shipping-taxable","13":"product-type-simple"},"_links":{"self":[{"href":"https:\/\/stebellaflowers.com\/en\/wp-json\/wp\/v2\/product\/29394","targetHints":{"allow":["GET"]}}],"collection":[{"href":"https:\/\/stebellaflowers.com\/en\/wp-json\/wp\/v2\/product"}],"about":[{"href":"https:\/\/stebellaflowers.com\/en\/wp-json\/wp\/v2\/types\/product"}],"replies":[{"embeddable":true,"href":"https:\/\/stebellaflowers.com\/en\/wp-json\/wp\/v2\/comments?post=29394"}],"version-history":[{"count":5,"href":"https:\/\/stebellaflowers.com\/en\/wp-json\/wp\/v2\/product\/29394\/revisions"}],"predecessor-version":[{"id":30236,"href":"https:\/\/stebellaflowers.com\/en\/wp-json\/wp\/v2\/product\/29394\/revisions\/30236"}],"wp:featuredmedia":[{"embeddable":true,"href":"https:\/\/stebellaflowers.com\/en\/wp-json\/wp\/v2\/media\/29342"}],"wp:attachment":[{"href":"https:\/\/stebellaflowers.com\/en\/wp-json\/wp\/v2\/media?parent=29394"}],"wp:term":[{"taxonomy":"product_brand","embeddable":true,"href":"https:\/\/stebellaflowers.com\/en\/wp-json\/wp\/v2\/product_brand?post=29394"},{"taxonomy":"product_cat","embeddable":true,"href":"https:\/\/stebellaflowers.com\/en\/wp-json\/wp\/v2\/product_cat?post=29394"},{"taxonomy":"product_tag","embeddable":true,"href":"https:\/\/stebellaflowers.com\/en\/wp-json\/wp\/v2\/product_tag?post=29394"}],"curies":[{"name":"wp","href":"https:\/\/api.w.org\/{rel}","templated":true}]}}