{"id":29399,"date":"2025-07-07T13:56:40","date_gmt":"2025-07-07T18:56:40","guid":{"rendered":"https:\/\/stebellaflowers.com\/?post_type=product&#038;p=29399"},"modified":"2026-04-27T15:35:36","modified_gmt":"2026-04-27T20:35:36","slug":"mandala","status":"publish","type":"product","link":"https:\/\/stebellaflowers.com\/en\/product\/mandala\/","title":{"rendered":"MANDALA"},"content":{"rendered":"<div data-elementor-type=\"wp-post\" data-elementor-id=\"29399\" class=\"elementor elementor-29399\">\n\t\t\t\t<div class=\"elementor-element elementor-element-be4c330 e-flex e-con-boxed e-con e-parent\" data-id=\"be4c330\" data-element_type=\"container\">\n\t\t\t\t\t<div class=\"e-con-inner\">\n\t\t\t\t<div class=\"elementor-element elementor-element-6c278039 elementor-widget elementor-widget-text-editor\" data-id=\"6c278039\" data-element_type=\"widget\" data-widget_type=\"text-editor.default\">\n\t\t\t\t<div class=\"elementor-widget-container\">\n\t\t\t\t\t\t\t\t\t<p><span style=\"color: #000000;\">Famosa por su hipnotizante estructura de p\u00e9talos en espiral, la rosa Mandala es una obra maestra de la simetr\u00eda natural. Su apertura circular perfecta emula los patrones geom\u00e9tricos que le dan nombre, ofreciendo un tono rosa delicado que transmite armon\u00eda y serenidad. Gracias a su cultivo a 3,100 metros, esta variedad desarrolla una densidad de p\u00e9talos superior, convirti\u00e9ndola en la opci\u00f3n ideal para arreglos de alta gama y dise\u00f1os\u00a0 florales que buscan un equilibrio espiritual y est\u00e9tico.<\/span><\/p><p><span style=\"color: #000000;\"><strong><b>Ficha T\u00e9cnica:<\/b><\/strong><\/span><br \/><span style=\"color: #000000;\">\u2022 <b>Color: <\/b>Rosado suave \/ Degradado elegante.<\/span><br \/><span style=\"color: #000000;\">\u2022 <strong><b>Forma:<\/b><\/strong> Apertura en espiral perfecta (Mandala).<\/span><br \/><span style=\"color: #000000;\">\u2022 <strong><b>Tama\u00f1o del bot\u00f3n:<\/b><\/strong> 7 &#8211; 11 cm.<\/span><br \/><span style=\"color: #000000;\">\u2022 <strong><b>Largo del tallo:<\/b><\/strong> 50 &#8211; 90 cm.<\/span><br \/><span style=\"color: #000000;\">\u2022 <strong><b>Vida en florero:<\/b><\/strong> 14 &#8211; 16 d\u00edas.<\/span><br \/><span style=\"color: #000000;\">\u2022 <strong><b>Lanzamiento:<\/b><\/strong> 2008.<\/span><\/p><p>\u00a0<\/p>\t\t\t\t\t\t\t\t<\/div>\n\t\t\t\t<\/div>\n\t\t\t\t\t<\/div>\n\t\t\t\t<\/div>\n\t\t\t\t<\/div>","protected":false},"excerpt":{"rendered":"<p>Famosa por su hipnotizante estructura de p\u00e9talos en espiral, la rosa Mandala es una obra maestra de la simetr\u00eda natural. Su apertura circular perfecta emula los patrones geom\u00e9tricos que le dan nombre, ofreciendo un tono rosa delicado que transmite armon\u00eda y serenidad. Gracias a su cultivo a 3,100 metros, esta variedad desarrolla una densidad de [&hellip;]<\/p>\n","protected":false},"featured_media":29851,"comment_status":"closed","ping_status":"closed","template":"","meta":[],"product_brand":[60],"product_cat":[58],"product_tag":[],"class_list":{"0":"post-29399","1":"product","2":"type-product","3":"status-publish","4":"has-post-thumbnail","6":"product_brand-brand-1","7":"product_cat-variedades","10":"first","11":"instock","12":"shipping-taxable","13":"product-type-simple"},"_links":{"self":[{"href":"https:\/\/stebellaflowers.com\/en\/wp-json\/wp\/v2\/product\/29399","targetHints":{"allow":["GET"]}}],"collection":[{"href":"https:\/\/stebellaflowers.com\/en\/wp-json\/wp\/v2\/product"}],"about":[{"href":"https:\/\/stebellaflowers.com\/en\/wp-json\/wp\/v2\/types\/product"}],"replies":[{"embeddable":true,"href":"https:\/\/stebellaflowers.com\/en\/wp-json\/wp\/v2\/comments?post=29399"}],"version-history":[{"count":5,"href":"https:\/\/stebellaflowers.com\/en\/wp-json\/wp\/v2\/product\/29399\/revisions"}],"predecessor-version":[{"id":30202,"href":"https:\/\/stebellaflowers.com\/en\/wp-json\/wp\/v2\/product\/29399\/revisions\/30202"}],"wp:featuredmedia":[{"embeddable":true,"href":"https:\/\/stebellaflowers.com\/en\/wp-json\/wp\/v2\/media\/29851"}],"wp:attachment":[{"href":"https:\/\/stebellaflowers.com\/en\/wp-json\/wp\/v2\/media?parent=29399"}],"wp:term":[{"taxonomy":"product_brand","embeddable":true,"href":"https:\/\/stebellaflowers.com\/en\/wp-json\/wp\/v2\/product_brand?post=29399"},{"taxonomy":"product_cat","embeddable":true,"href":"https:\/\/stebellaflowers.com\/en\/wp-json\/wp\/v2\/product_cat?post=29399"},{"taxonomy":"product_tag","embeddable":true,"href":"https:\/\/stebellaflowers.com\/en\/wp-json\/wp\/v2\/product_tag?post=29399"}],"curies":[{"name":"wp","href":"https:\/\/api.w.org\/{rel}","templated":true}]}}