{"id":29419,"date":"2025-07-07T14:07:19","date_gmt":"2025-07-07T19:07:19","guid":{"rendered":"https:\/\/stebellaflowers.com\/?post_type=product&#038;p=29419"},"modified":"2026-04-27T16:08:02","modified_gmt":"2026-04-27T21:08:02","slug":"mondial","status":"publish","type":"product","link":"https:\/\/stebellaflowers.com\/en\/product\/mondial\/","title":{"rendered":"WORLD"},"content":{"rendered":"<div data-elementor-type=\"wp-post\" data-elementor-id=\"29419\" class=\"elementor elementor-29419\">\n\t\t\t\t<div class=\"elementor-element elementor-element-be4c330 e-flex e-con-boxed e-con e-parent\" data-id=\"be4c330\" data-element_type=\"container\">\n\t\t\t\t\t<div class=\"e-con-inner\">\n\t\t\t\t<div class=\"elementor-element elementor-element-6c278039 elementor-widget elementor-widget-text-editor\" data-id=\"6c278039\" data-element_type=\"widget\" data-widget_type=\"text-editor.default\">\n\t\t\t\t<div class=\"elementor-widget-container\">\n\t\t\t\t\t\t\t\t\t<p><span style=\"color: #000000;\">Elegante, pura y atemporal, la rosa Mondial es el est\u00e1ndar de oro para bodas y eventos de alta gama. Esta variedad de color blanco cremoso destaca por su apertura perfecta y su capacidad de transmitir paz y renovaci\u00f3n en cualquier dise\u00f1o. Cultivada a 3,100 metros, desarrolla una estructura firme y una durabilidad excepcional, siendo la selecci\u00f3n predilecta para novias cl\u00e1sicas y arreglos que exigen una est\u00e9tica de alcance global y elegancia universal.<\/span><\/p><p><span style=\"color: #000000;\"><strong><b>Ficha T\u00e9cnica:<\/b><\/strong><\/span><br \/><span style=\"color: #000000;\">\u2022 <strong><b>Color:<\/b><\/strong> Blanco cremoso \/ Marfil.<\/span><br \/><span style=\"color: #000000;\">\u2022 <strong><b>Tama\u00f1o del bot\u00f3n:<\/b><\/strong> 7 &#8211; 15 cm.<\/span><br \/><span style=\"color: #000000;\">\u2022 <strong><b>Largo del tallo:<\/b><\/strong> 50 &#8211; 90 cm.<\/span><br \/><span style=\"color: #000000;\">\u2022 <strong><b>Vida en florero:<\/b><\/strong> 14 &#8211; 16 d\u00edas<\/span><\/p>\t\t\t\t\t\t\t\t<\/div>\n\t\t\t\t<\/div>\n\t\t\t\t\t<\/div>\n\t\t\t\t<\/div>\n\t\t\t\t<\/div>","protected":false},"excerpt":{"rendered":"<p>Elegante, pura y atemporal, la rosa Mondial es el est\u00e1ndar de oro para bodas y eventos de alta gama. Esta variedad de color blanco cremoso destaca por su apertura perfecta y su capacidad de transmitir paz y renovaci\u00f3n en cualquier dise\u00f1o. Cultivada a 3,100 metros, desarrolla una estructura firme y una durabilidad excepcional, siendo la [&hellip;]<\/p>\n","protected":false},"featured_media":29859,"comment_status":"closed","ping_status":"closed","template":"","meta":[],"product_brand":[60],"product_cat":[58],"product_tag":[139],"class_list":{"0":"post-29419","1":"product","2":"type-product","3":"status-publish","4":"has-post-thumbnail","6":"product_brand-brand-1","7":"product_cat-variedades","8":"product_tag-st06342","11":"first","12":"instock","13":"shipping-taxable","14":"product-type-simple"},"_links":{"self":[{"href":"https:\/\/stebellaflowers.com\/en\/wp-json\/wp\/v2\/product\/29419","targetHints":{"allow":["GET"]}}],"collection":[{"href":"https:\/\/stebellaflowers.com\/en\/wp-json\/wp\/v2\/product"}],"about":[{"href":"https:\/\/stebellaflowers.com\/en\/wp-json\/wp\/v2\/types\/product"}],"replies":[{"embeddable":true,"href":"https:\/\/stebellaflowers.com\/en\/wp-json\/wp\/v2\/comments?post=29419"}],"version-history":[{"count":5,"href":"https:\/\/stebellaflowers.com\/en\/wp-json\/wp\/v2\/product\/29419\/revisions"}],"predecessor-version":[{"id":30223,"href":"https:\/\/stebellaflowers.com\/en\/wp-json\/wp\/v2\/product\/29419\/revisions\/30223"}],"wp:featuredmedia":[{"embeddable":true,"href":"https:\/\/stebellaflowers.com\/en\/wp-json\/wp\/v2\/media\/29859"}],"wp:attachment":[{"href":"https:\/\/stebellaflowers.com\/en\/wp-json\/wp\/v2\/media?parent=29419"}],"wp:term":[{"taxonomy":"product_brand","embeddable":true,"href":"https:\/\/stebellaflowers.com\/en\/wp-json\/wp\/v2\/product_brand?post=29419"},{"taxonomy":"product_cat","embeddable":true,"href":"https:\/\/stebellaflowers.com\/en\/wp-json\/wp\/v2\/product_cat?post=29419"},{"taxonomy":"product_tag","embeddable":true,"href":"https:\/\/stebellaflowers.com\/en\/wp-json\/wp\/v2\/product_tag?post=29419"}],"curies":[{"name":"wp","href":"https:\/\/api.w.org\/{rel}","templated":true}]}}