{"id":29424,"date":"2025-07-07T14:10:39","date_gmt":"2025-07-07T19:10:39","guid":{"rendered":"https:\/\/stebellaflowers.com\/?post_type=product&#038;p=29424"},"modified":"2026-04-27T16:06:09","modified_gmt":"2026-04-27T21:06:09","slug":"lola","status":"publish","type":"product","link":"https:\/\/stebellaflowers.com\/en\/product\/lola\/","title":{"rendered":"LOLA"},"content":{"rendered":"<div data-elementor-type=\"wp-post\" data-elementor-id=\"29424\" class=\"elementor elementor-29424\">\n\t\t\t\t<div class=\"elementor-element elementor-element-be4c330 e-flex e-con-boxed e-con e-parent\" data-id=\"be4c330\" data-element_type=\"container\">\n\t\t\t\t\t<div class=\"e-con-inner\">\n\t\t\t\t<div class=\"elementor-element elementor-element-6c278039 elementor-widget elementor-widget-text-editor\" data-id=\"6c278039\" data-element_type=\"widget\" data-widget_type=\"text-editor.default\">\n\t\t\t\t<div class=\"elementor-widget-container\">\n\t\t\t\t\t\t\t\t\t<p><span style=\"color: #000000;\">Vibrante y llena de vida, la rosa Lola es un homenaje a la fuerza y el encanto natural. Se distingue por su cautivador color rosa fresa, un tono intenso que transmite juventud y frescura en cada p\u00e9talo. Cultivada a 3,100 metros de altura, esta variedad destaca por su apertura alegre y su gran versatilidad, convirti\u00e9ndose en la favorita de los floristas para a\u00f1adir un toque de autenticidad y energ\u00eda a cualquier composici\u00f3n floral moderna.<\/span><\/p><p><span style=\"color: #000000;\"><strong><b>Ficha T\u00e9cnica:<\/b><\/strong><\/span><br \/><span style=\"color: #000000;\">\u2022 <strong><b>Color:<\/b><\/strong> Rosa Fresa vibrante.<\/span><br \/><span style=\"color: #000000;\">\u2022 <strong><b>Tama\u00f1o del bot\u00f3n:<\/b><\/strong> 7 &#8211; 9 cm.<\/span><br \/><span style=\"color: #000000;\">\u2022 <strong><b>Largo del tallo:<\/b><\/strong> 50 &#8211; 80 cm.<\/span><br \/><span style=\"color: #000000;\">\u2022 <strong><b>Vida en florero:<\/b><\/strong> 14 &#8211; 16 d\u00edas.<\/span><br \/><span style=\"color: #000000;\">\u2022<strong> <b>Lanzamiento:<\/b><\/strong> 2010.<\/span><\/p><p>\u00a0<\/p>\t\t\t\t\t\t\t\t<\/div>\n\t\t\t\t<\/div>\n\t\t\t\t\t<\/div>\n\t\t\t\t<\/div>\n\t\t\t\t<\/div>","protected":false},"excerpt":{"rendered":"<p>Vibrante y llena de vida, la rosa Lola es un homenaje a la fuerza y el encanto natural. Se distingue por su cautivador color rosa fresa, un tono intenso que transmite juventud y frescura en cada p\u00e9talo. Cultivada a 3,100 metros de altura, esta variedad destaca por su apertura alegre y su gran versatilidad, convirti\u00e9ndose [&hellip;]<\/p>\n","protected":false},"featured_media":29329,"comment_status":"closed","ping_status":"closed","template":"","meta":[],"product_brand":[60],"product_cat":[58],"product_tag":[],"class_list":{"0":"post-29424","1":"product","2":"type-product","3":"status-publish","4":"has-post-thumbnail","6":"product_brand-brand-1","7":"product_cat-variedades","10":"first","11":"instock","12":"shipping-taxable","13":"product-type-simple"},"_links":{"self":[{"href":"https:\/\/stebellaflowers.com\/en\/wp-json\/wp\/v2\/product\/29424","targetHints":{"allow":["GET"]}}],"collection":[{"href":"https:\/\/stebellaflowers.com\/en\/wp-json\/wp\/v2\/product"}],"about":[{"href":"https:\/\/stebellaflowers.com\/en\/wp-json\/wp\/v2\/types\/product"}],"replies":[{"embeddable":true,"href":"https:\/\/stebellaflowers.com\/en\/wp-json\/wp\/v2\/comments?post=29424"}],"version-history":[{"count":5,"href":"https:\/\/stebellaflowers.com\/en\/wp-json\/wp\/v2\/product\/29424\/revisions"}],"predecessor-version":[{"id":30220,"href":"https:\/\/stebellaflowers.com\/en\/wp-json\/wp\/v2\/product\/29424\/revisions\/30220"}],"wp:featuredmedia":[{"embeddable":true,"href":"https:\/\/stebellaflowers.com\/en\/wp-json\/wp\/v2\/media\/29329"}],"wp:attachment":[{"href":"https:\/\/stebellaflowers.com\/en\/wp-json\/wp\/v2\/media?parent=29424"}],"wp:term":[{"taxonomy":"product_brand","embeddable":true,"href":"https:\/\/stebellaflowers.com\/en\/wp-json\/wp\/v2\/product_brand?post=29424"},{"taxonomy":"product_cat","embeddable":true,"href":"https:\/\/stebellaflowers.com\/en\/wp-json\/wp\/v2\/product_cat?post=29424"},{"taxonomy":"product_tag","embeddable":true,"href":"https:\/\/stebellaflowers.com\/en\/wp-json\/wp\/v2\/product_tag?post=29424"}],"curies":[{"name":"wp","href":"https:\/\/api.w.org\/{rel}","templated":true}]}}