{"id":29442,"date":"2025-07-07T14:23:40","date_gmt":"2025-07-07T19:23:40","guid":{"rendered":"https:\/\/stebellaflowers.com\/?post_type=product&#038;p=29442"},"modified":"2026-04-27T15:58:40","modified_gmt":"2026-04-27T20:58:40","slug":"hermosa","status":"publish","type":"product","link":"https:\/\/stebellaflowers.com\/en\/product\/hermosa\/","title":{"rendered":"BEAUTIFUL"},"content":{"rendered":"<div data-elementor-type=\"wp-post\" data-elementor-id=\"29442\" class=\"elementor elementor-29442\">\n\t\t\t\t<div class=\"elementor-element elementor-element-be4c330 e-flex e-con-boxed e-con e-parent\" data-id=\"be4c330\" data-element_type=\"container\">\n\t\t\t\t\t<div class=\"e-con-inner\">\n\t\t\t\t<div class=\"elementor-element elementor-element-6c278039 elementor-widget elementor-widget-text-editor\" data-id=\"6c278039\" data-element_type=\"widget\" data-widget_type=\"text-editor.default\">\n\t\t\t\t<div class=\"elementor-widget-container\">\n\t\t\t\t\t\t\t\t\t<p><span style=\"color: #000000;\">Haciendo honor a su nombre, la rosa Hermosa es la definici\u00f3n de la delicadeza cl\u00e1sica. Esta variedad destaca por su estructura compacta y una simetr\u00eda perfecta en sus p\u00e9talos de tono rosado suave. Cultivada bajo las condiciones \u00f3ptimas de nuestra finca a 3,100 metros, ofrece una consistencia y resistencia superiores, convirti\u00e9ndola en un tributo a la feminidad natural. Es la elecci\u00f3n predilecta para dise\u00f1os rom\u00e1nticos, detalles nupciales y arreglos que exigen una est\u00e9tica refinada y sutil<\/span><\/p><p><strong><span style=\"color: #000000;\"><b>Ficha T\u00e9cnica:<\/b><\/span><\/strong><br \/><span style=\"color: #000000;\">\u2022 <strong><b>Color:<\/b><\/strong> Rosado suave \/ Pastel.<\/span><br \/><span style=\"color: #000000;\">\u2022 <strong><b>Forma:<\/b><\/strong> Compacta y sim\u00e9trica.<\/span><br \/><span style=\"color: #000000;\">\u2022 <strong><b>Tama\u00f1o del bot\u00f3n:<\/b><\/strong> 7 &#8211; 8 cm.<\/span><br \/><span style=\"color: #000000;\">\u2022 <strong><b>Largo del tallo:<\/b><\/strong> 50 &#8211; 80 cm.<\/span><br \/><span style=\"color: #000000;\">\u2022 <strong><b>Vida en florero:<\/b><\/strong> 14 &#8211; 16 d\u00edas.<\/span><br \/><span style=\"color: #000000;\">\u2022 <strong><b>Lanzamiento:<\/b><\/strong> 2005.<\/span><\/p>\t\t\t\t\t\t\t\t<\/div>\n\t\t\t\t<\/div>\n\t\t\t\t\t<\/div>\n\t\t\t\t<\/div>\n\t\t\t\t<\/div>","protected":false},"excerpt":{"rendered":"<p>Haciendo honor a su nombre, la rosa Hermosa es la definici\u00f3n de la delicadeza cl\u00e1sica. Esta variedad destaca por su estructura compacta y una simetr\u00eda perfecta en sus p\u00e9talos de tono rosado suave. Cultivada bajo las condiciones \u00f3ptimas de nuestra finca a 3,100 metros, ofrece una consistencia y resistencia superiores, convirti\u00e9ndola en un tributo a [&hellip;]<\/p>\n","protected":false},"featured_media":29351,"comment_status":"closed","ping_status":"closed","template":"","meta":[],"product_brand":[60],"product_cat":[58],"product_tag":[],"class_list":{"0":"post-29442","1":"product","2":"type-product","3":"status-publish","4":"has-post-thumbnail","6":"product_brand-brand-1","7":"product_cat-variedades","10":"first","11":"instock","12":"shipping-taxable","13":"product-type-simple"},"_links":{"self":[{"href":"https:\/\/stebellaflowers.com\/en\/wp-json\/wp\/v2\/product\/29442","targetHints":{"allow":["GET"]}}],"collection":[{"href":"https:\/\/stebellaflowers.com\/en\/wp-json\/wp\/v2\/product"}],"about":[{"href":"https:\/\/stebellaflowers.com\/en\/wp-json\/wp\/v2\/types\/product"}],"replies":[{"embeddable":true,"href":"https:\/\/stebellaflowers.com\/en\/wp-json\/wp\/v2\/comments?post=29442"}],"version-history":[{"count":5,"href":"https:\/\/stebellaflowers.com\/en\/wp-json\/wp\/v2\/product\/29442\/revisions"}],"predecessor-version":[{"id":30214,"href":"https:\/\/stebellaflowers.com\/en\/wp-json\/wp\/v2\/product\/29442\/revisions\/30214"}],"wp:featuredmedia":[{"embeddable":true,"href":"https:\/\/stebellaflowers.com\/en\/wp-json\/wp\/v2\/media\/29351"}],"wp:attachment":[{"href":"https:\/\/stebellaflowers.com\/en\/wp-json\/wp\/v2\/media?parent=29442"}],"wp:term":[{"taxonomy":"product_brand","embeddable":true,"href":"https:\/\/stebellaflowers.com\/en\/wp-json\/wp\/v2\/product_brand?post=29442"},{"taxonomy":"product_cat","embeddable":true,"href":"https:\/\/stebellaflowers.com\/en\/wp-json\/wp\/v2\/product_cat?post=29442"},{"taxonomy":"product_tag","embeddable":true,"href":"https:\/\/stebellaflowers.com\/en\/wp-json\/wp\/v2\/product_tag?post=29442"}],"curies":[{"name":"wp","href":"https:\/\/api.w.org\/{rel}","templated":true}]}}