{"id":29448,"date":"2025-07-07T14:25:15","date_gmt":"2025-07-07T19:25:15","guid":{"rendered":"https:\/\/stebellaflowers.com\/?post_type=product&#038;p=29448"},"modified":"2026-04-27T16:09:49","modified_gmt":"2026-04-27T21:09:49","slug":"be-sweet","status":"publish","type":"product","link":"https:\/\/stebellaflowers.com\/en\/product\/be-sweet\/","title":{"rendered":"BE SWEET"},"content":{"rendered":"<div data-elementor-type=\"wp-post\" data-elementor-id=\"29448\" class=\"elementor elementor-29448\">\n\t\t\t\t<div class=\"elementor-element elementor-element-be4c330 e-flex e-con-boxed e-con e-parent\" data-id=\"be4c330\" data-element_type=\"container\">\n\t\t\t\t\t<div class=\"e-con-inner\">\n\t\t\t\t<div class=\"elementor-element elementor-element-6c278039 elementor-widget elementor-widget-text-editor\" data-id=\"6c278039\" data-element_type=\"widget\" data-widget_type=\"text-editor.default\">\n\t\t\t\t<div class=\"elementor-widget-container\">\n\t\t\t\t\t\t\t\t\t<p><span style=\"color: #000000;\">Moderna, tierna y llena de encanto juvenil, la rosa Be Sweet es la definici\u00f3n de la delicadeza <\/span><span style=\"color: #000000;\">contempor\u00e1nea. Su tono rosa suave y equilibrado transmite una inocencia aut\u00e9ntica que invita a <\/span><span style=\"color: #000000;\">disfrutar de los peque\u00f1os detalles. Cultivada a 3,100 metros en la provincia de Carchi, esta variedad <\/span><span style=\"color: #000000;\">desarrolla una resistencia superior y una apertura elegante. Es la elecci\u00f3n ideal para arreglos que <\/span><span style=\"color: #000000;\">buscan transmitir calidez, feminidad y una dulzura sofisticada en mercados internacionales<\/span><\/p><p><strong><span style=\"color: #000000;\"><b>Ficha T\u00e9cnica:<\/b><\/span><\/strong><br \/><span style=\"color: #000000;\">\u2022 <strong><b>Color:<\/b><\/strong> Rosa suave \/ Pastel.<\/span><br \/><span style=\"color: #000000;\">\u2022 <strong><b>Tama\u00f1o del bot\u00f3n:<\/b><\/strong> 7 &#8211; 8 cm.<\/span><br \/><span style=\"color: #000000;\">\u2022 <strong><b>Largo del tallo:<\/b><\/strong> 50 &#8211; 80 cm.<\/span><br \/><span style=\"color: #000000;\">\u2022 <strong><b>Vida en florero:<\/b><\/strong> 14 &#8211; 16 d\u00edas.<\/span><br \/><span style=\"color: #000000;\">\u2022 <strong><b>Lanzamiento:<\/b><\/strong> 2012.<\/span><\/p>\t\t\t\t\t\t\t\t<\/div>\n\t\t\t\t<\/div>\n\t\t\t\t\t<\/div>\n\t\t\t\t<\/div>\n\t\t\t\t<\/div>","protected":false},"excerpt":{"rendered":"<p>Moderna, tierna y llena de encanto juvenil, la rosa Be Sweet es la definici\u00f3n de la delicadeza contempor\u00e1nea. Su tono rosa suave y equilibrado transmite una inocencia aut\u00e9ntica que invita a disfrutar de los peque\u00f1os detalles. Cultivada a 3,100 metros en la provincia de Carchi, esta variedad desarrolla una resistencia superior y una apertura elegante. [&hellip;]<\/p>\n","protected":false},"featured_media":29350,"comment_status":"closed","ping_status":"closed","template":"","meta":[],"product_brand":[60],"product_cat":[58],"product_tag":[],"class_list":{"0":"post-29448","1":"product","2":"type-product","3":"status-publish","4":"has-post-thumbnail","6":"product_brand-brand-1","7":"product_cat-variedades","10":"first","11":"instock","12":"shipping-taxable","13":"product-type-simple"},"_links":{"self":[{"href":"https:\/\/stebellaflowers.com\/en\/wp-json\/wp\/v2\/product\/29448","targetHints":{"allow":["GET"]}}],"collection":[{"href":"https:\/\/stebellaflowers.com\/en\/wp-json\/wp\/v2\/product"}],"about":[{"href":"https:\/\/stebellaflowers.com\/en\/wp-json\/wp\/v2\/types\/product"}],"replies":[{"embeddable":true,"href":"https:\/\/stebellaflowers.com\/en\/wp-json\/wp\/v2\/comments?post=29448"}],"version-history":[{"count":5,"href":"https:\/\/stebellaflowers.com\/en\/wp-json\/wp\/v2\/product\/29448\/revisions"}],"predecessor-version":[{"id":30229,"href":"https:\/\/stebellaflowers.com\/en\/wp-json\/wp\/v2\/product\/29448\/revisions\/30229"}],"wp:featuredmedia":[{"embeddable":true,"href":"https:\/\/stebellaflowers.com\/en\/wp-json\/wp\/v2\/media\/29350"}],"wp:attachment":[{"href":"https:\/\/stebellaflowers.com\/en\/wp-json\/wp\/v2\/media?parent=29448"}],"wp:term":[{"taxonomy":"product_brand","embeddable":true,"href":"https:\/\/stebellaflowers.com\/en\/wp-json\/wp\/v2\/product_brand?post=29448"},{"taxonomy":"product_cat","embeddable":true,"href":"https:\/\/stebellaflowers.com\/en\/wp-json\/wp\/v2\/product_cat?post=29448"},{"taxonomy":"product_tag","embeddable":true,"href":"https:\/\/stebellaflowers.com\/en\/wp-json\/wp\/v2\/product_tag?post=29448"}],"curies":[{"name":"wp","href":"https:\/\/api.w.org\/{rel}","templated":true}]}}